{"id":21,"date":"2026-02-25T00:31:34","date_gmt":"2026-02-25T00:31:34","guid":{"rendered":"https:\/\/puskey.hu\/?page_id=21"},"modified":"2026-03-31T02:13:37","modified_gmt":"2026-03-31T02:13:37","slug":"home","status":"publish","type":"page","link":"https:\/\/puskey.hu\/","title":{"rendered":"F\u0151oldal"},"content":{"rendered":"\t\t<div data-elementor-type=\"wp-page\" data-elementor-id=\"21\" class=\"elementor elementor-21\">\n\t\t\t\t<div class=\"elementor-element elementor-element-49e5058 e-con-full e-flex wpr-particle-no wpr-jarallax-no wpr-parallax-no wpr-sticky-section-no elementor-invisible e-con e-parent\" data-id=\"49e5058\" data-element_type=\"container\" data-e-type=\"container\" data-settings=\"{&quot;animation&quot;:&quot;fadeIn&quot;}\">\n\t\t\t\t<div class=\"elementor-element elementor-element-dc0c4a9 elementor-widget__width-inherit elementor-invisible elementor-widget elementor-widget-image\" data-id=\"dc0c4a9\" data-element_type=\"widget\" data-e-type=\"widget\" data-settings=\"{&quot;_animation&quot;:&quot;fadeIn&quot;}\" data-widget_type=\"image.default\">\n\t\t\t\t\t\t\t\t\t\t\t\t\t\t\t<img decoding=\"async\" src=\"https:\/\/puskey.hu\/wp-content\/uploads\/elementor\/thumbs\/fooldal-scaled-rl41jbpovbpj0oilqe6gs64zox131bzvmsz0pame68.png\" title=\"fooldal\" alt=\"fooldal\" loading=\"lazy\" \/>\t\t\t\t\t\t\t\t\t\t\t\t\t\t\t<\/div>\n\t\t\t\t<\/div>\n\t\t<div class=\"elementor-element elementor-element-c10897a e-flex e-con-boxed wpr-particle-no wpr-jarallax-no wpr-parallax-no wpr-sticky-section-no e-con e-parent\" data-id=\"c10897a\" data-element_type=\"container\" data-e-type=\"container\">\n\t\t\t\t\t<div class=\"e-con-inner\">\n\t\t\t\t<div class=\"elementor-element elementor-element-003c2c2 elementor-invisible elementor-widget elementor-widget-heading\" data-id=\"003c2c2\" data-element_type=\"widget\" data-e-type=\"widget\" data-settings=\"{&quot;_animation&quot;:&quot;fadeIn&quot;}\" data-widget_type=\"heading.default\">\n\t\t\t\t\t<h2 class=\"elementor-heading-title elementor-size-default\">Kulcs a tervez\u00e9shez.<\/h2>\t\t\t\t<\/div>\n\t\t\t\t\t<\/div>\n\t\t\t\t<\/div>\n\t\t<div class=\"elementor-element elementor-element-cff0604 e-con-full animated-slow e-flex wpr-particle-no wpr-jarallax-no wpr-parallax-no elementor-invisible e-con e-parent\" data-id=\"cff0604\" data-element_type=\"container\" data-e-type=\"container\" id=\"rolunk\" data-settings=\"{&quot;animation&quot;:&quot;fadeInUp&quot;}\">\n\t\t\t\t<div class=\"elementor-element elementor-element-3e5685b e-transform elementor-widget elementor-widget-heading\" data-id=\"3e5685b\" data-element_type=\"widget\" data-e-type=\"widget\" data-settings=\"{&quot;_animation&quot;:&quot;none&quot;,&quot;_transform_translateX_effect&quot;:{&quot;unit&quot;:&quot;px&quot;,&quot;size&quot;:&quot;&quot;,&quot;sizes&quot;:[]},&quot;_transform_translateX_effect_tablet&quot;:{&quot;unit&quot;:&quot;px&quot;,&quot;size&quot;:&quot;&quot;,&quot;sizes&quot;:[]},&quot;_transform_translateX_effect_mobile&quot;:{&quot;unit&quot;:&quot;px&quot;,&quot;size&quot;:&quot;&quot;,&quot;sizes&quot;:[]},&quot;_transform_translateY_effect&quot;:{&quot;unit&quot;:&quot;px&quot;,&quot;size&quot;:&quot;&quot;,&quot;sizes&quot;:[]},&quot;_transform_translateY_effect_tablet&quot;:{&quot;unit&quot;:&quot;px&quot;,&quot;size&quot;:&quot;&quot;,&quot;sizes&quot;:[]},&quot;_transform_translateY_effect_mobile&quot;:{&quot;unit&quot;:&quot;px&quot;,&quot;size&quot;:&quot;&quot;,&quot;sizes&quot;:[]}}\" data-widget_type=\"heading.default\">\n\t\t\t\t\t<h2 class=\"elementor-heading-title elementor-size-default\">MI VAGYUNK A PUS-KEY BT.<\/h2>\t\t\t\t<\/div>\n\t\t\t\t<div class=\"elementor-element elementor-element-44e6f9a elementor-widget-divider--view-line elementor-widget elementor-widget-divider\" data-id=\"44e6f9a\" data-element_type=\"widget\" data-e-type=\"widget\" data-widget_type=\"divider.default\">\n\t\t\t\t\t\t\t<div class=\"elementor-divider\">\n\t\t\t<span class=\"elementor-divider-separator\">\n\t\t\t\t\t\t<\/span>\n\t\t<\/div>\n\t\t\t\t\t\t<\/div>\n\t\t\t\t<div class=\"elementor-element elementor-element-691ff38 elementor-widget elementor-widget-text-editor\" data-id=\"691ff38\" data-element_type=\"widget\" data-e-type=\"widget\" data-widget_type=\"text-editor.default\">\n\t\t\t\t\t\t\t\t\t<p>A Pus-Key Bet\u00e9ti T\u00e1rsas\u00e1g egy h\u00e1romtag\u00fa csal\u00e1di v\u00e1llalkoz\u00e1s,<br \/>ahol a m\u00e9rn\u00f6ki szeml\u00e9let, az \u00e9p\u00edt\u00e9s, a tervez\u00e9s \u00e9s a vizu\u00e1lis kreativit\u00e1s tal\u00e1lkozik.<br \/><span style=\"font-style: inherit; font-weight: inherit;\">C\u00e9g\u00fcnket 2021-ben alap\u00edtottuk azzal a c\u00e9llal, hogy a t\u00f6bb gener\u00e1ci\u00f3n \u00e1t felhalmozott szakmai tud\u00e1st \u00e9s a <br \/>mindannyiunkra jellemz\u0151 agilis, prec\u00edz munkamor\u00e1lt egyes\u00edtve hozzunk l\u00e9tre \u00e9rt\u00e9k\u00e1ll\u00f3 m\u0171szaki megold\u00e1sokat.<\/span><\/p>\t\t\t\t\t\t\t\t<\/div>\n\t\t\t\t<\/div>\n\t\t<div class=\"elementor-element elementor-element-4d7a032 animated-slow e-grid e-con-boxed wpr-particle-no wpr-jarallax-no wpr-parallax-no wpr-sticky-section-no elementor-invisible e-con e-parent\" data-id=\"4d7a032\" data-element_type=\"container\" data-e-type=\"container\" data-settings=\"{&quot;animation&quot;:&quot;fadeInUp&quot;}\">\n\t\t\t\t\t<div class=\"e-con-inner\">\n\t\t<div class=\"elementor-element elementor-element-00f741a e-flex e-con-boxed wpr-particle-no wpr-jarallax-no wpr-parallax-no wpr-sticky-section-no e-con e-child\" data-id=\"00f741a\" data-element_type=\"container\" data-e-type=\"container\" data-settings=\"{&quot;background_background&quot;:&quot;classic&quot;}\">\n\t\t\t\t\t<div class=\"e-con-inner\">\n\t\t\t\t<div class=\"elementor-element elementor-element-acde38b elementor-widget elementor-widget-heading\" data-id=\"acde38b\" data-element_type=\"widget\" data-e-type=\"widget\" data-widget_type=\"heading.default\">\n\t\t\t\t\t<h2 class=\"elementor-heading-title elementor-size-default\">Puskely P\u00e1l<\/h2>\t\t\t\t<\/div>\n\t\t\t\t<div class=\"elementor-element elementor-element-7aea168 elementor-widget elementor-widget-heading\" data-id=\"7aea168\" data-element_type=\"widget\" data-e-type=\"widget\" data-widget_type=\"heading.default\">\n\t\t\t\t\t<h2 class=\"elementor-heading-title elementor-size-default\">F\u00d6LDM\u00c9R\u0150 M\u00c9RN\u00d6K \/ GEOD\u00c9TA<\/h2>\t\t\t\t<\/div>\n\t\t\t\t\t<\/div>\n\t\t\t\t<\/div>\n\t\t\t\t<div class=\"elementor-element elementor-element-c5d6906 elementor-widget elementor-widget-text-editor\" data-id=\"c5d6906\" data-element_type=\"widget\" data-e-type=\"widget\" data-widget_type=\"text-editor.default\">\n\t\t\t\t\t\t\t\t\t<p style=\"font-size: 15px; font-style: normal; font-weight: 400;\">T\u00f6bb \u00e9vtizedes tapasztalattal v\u00e9gzem a terepi m\u00e9r\u00e9seket \u00e9s geod\u00e9ziai feladatokat. Hiszem, hogy minden j\u00f3 terv alapja a pontos felm\u00e9r\u00e9s, \u00e9s ez az a r\u00e9sz, ahol nem szabad kompromisszumot k\u00f6tni. Munk\u00e1m c\u00e9lja, hogy a tervez\u0151k mindig megb\u00edzhat\u00f3 adatokkal dolgozhassanak, valamint a megrendel\u0151k megfelel\u0151 inform\u00e1ci\u00f3kkal rendelkezzenek.<\/p><p style=\"font-size: 15px; font-style: normal; font-weight: 400;\"><span style=\"font-weight: bolder;\">F\u0151 ter\u00fcletek:<\/span><\/p><ul style=\"font-size: 15px; font-style: normal; font-weight: 400;\"><li style=\"font-size: 15px;\">telekalak\u00edt\u00e1sok, m\u0171vel\u00e9si \u00e1g-, \u00e9p\u00fcletv\u00e1ltoz\u00e1sok kit\u0171z\u00e9se, bem\u00e9r\u00e9se, t\u00e9rk\u00e9pez\u00e9se<\/li><li style=\"font-size: 15px;\">v\u00e1ltoz\u00e1si v\u00e1zrajzok k\u00e9sz\u00edt\u00e9se<\/li><li style=\"font-size: 15px;\">telekhat\u00e1r kit\u0171z\u00e9s, egy\u00e9b geod\u00e9ziai munk\u00e1k<\/li><\/ul>\t\t\t\t\t\t\t\t<\/div>\n\t\t<div class=\"elementor-element elementor-element-13ba91d e-flex e-con-boxed wpr-particle-no wpr-jarallax-no wpr-parallax-no wpr-sticky-section-no e-con e-child\" data-id=\"13ba91d\" data-element_type=\"container\" data-e-type=\"container\" data-settings=\"{&quot;background_background&quot;:&quot;classic&quot;}\">\n\t\t\t\t\t<div class=\"e-con-inner\">\n\t\t\t\t<div class=\"elementor-element elementor-element-80c440d elementor-widget elementor-widget-heading\" data-id=\"80c440d\" data-element_type=\"widget\" data-e-type=\"widget\" data-widget_type=\"heading.default\">\n\t\t\t\t\t<h2 class=\"elementor-heading-title elementor-size-default\">Puskely Gerg\u0151 P\u00e1l<\/h2>\t\t\t\t<\/div>\n\t\t\t\t<div class=\"elementor-element elementor-element-02df38a elementor-widget elementor-widget-heading\" data-id=\"02df38a\" data-element_type=\"widget\" data-e-type=\"widget\" data-widget_type=\"heading.default\">\n\t\t\t\t\t<h2 class=\"elementor-heading-title elementor-size-default\">Okleveles \u00e9p\u00edt\u0151m\u00e9rn\u00f6k <br>\nStatikus tervez\u0151 <br>\n\u00c9p\u00fcletenergetikai szakm\u00e9rn\u00f6k <br>\nBIM modellez\u0151 <br>\n<\/h2>\t\t\t\t<\/div>\n\t\t\t\t\t<\/div>\n\t\t\t\t<\/div>\n\t\t\t\t<div class=\"elementor-element elementor-element-6bc024a elementor-widget elementor-widget-text-editor\" data-id=\"6bc024a\" data-element_type=\"widget\" data-e-type=\"widget\" data-widget_type=\"text-editor.default\">\n\t\t\t\t\t\t\t\t\t<p>Sz\u00e1momra a stabilit\u00e1s \u00e9s a legmodernebb technol\u00f3gi\u00e1k alkalmaz\u00e1sa a legfontosabb. A M\u0171egyetem BIM specializ\u00e1ci\u00f3j\u00e1n v\u00e9gzett \u00e9p\u00edt\u0151m\u00e9rn\u00f6kk\u00e9nt a legmodernebb digit\u00e1lis k\u00f6rnyezetben dolgozom.<br \/>Statikus tervez\u0151k\u00e9nt sz\u00e9les szakmai\u00a0 tapasztalattal rendelkezem ipari-, lak\u00f3- \u00e9s speci\u00e1lis szerkezetek tervez\u00e9s\u00e9ben.<\/p><p><strong>F\u0151 ter\u00fcletek:<\/strong><\/p><ul><li>statikai tart\u00f3szerkezeti tervez\u00e9s<\/li><li>BIM modellek k\u00e9sz\u00edt\u00e9se (\u00e9p\u00fclet, szerkezet)<\/li><li>3D felm\u00e9r\u00e9s, tervez\u00e9s<\/li><li>\u00e9p\u00fclet energetikai tan\u00e1csad\u00e1s<\/li><\/ul>\t\t\t\t\t\t\t\t<\/div>\n\t\t<div class=\"elementor-element elementor-element-ce66608 e-flex e-con-boxed wpr-particle-no wpr-jarallax-no wpr-parallax-no wpr-sticky-section-no e-con e-child\" data-id=\"ce66608\" data-element_type=\"container\" data-e-type=\"container\" data-settings=\"{&quot;background_background&quot;:&quot;classic&quot;}\">\n\t\t\t\t\t<div class=\"e-con-inner\">\n\t\t\t\t<div class=\"elementor-element elementor-element-f97c90e elementor-widget elementor-widget-heading\" data-id=\"f97c90e\" data-element_type=\"widget\" data-e-type=\"widget\" data-widget_type=\"heading.default\">\n\t\t\t\t\t<h2 class=\"elementor-heading-title elementor-size-default\">Puskely Vikt\u00f3ria<\/h2>\t\t\t\t<\/div>\n\t\t\t\t<div class=\"elementor-element elementor-element-8e70253 elementor-widget__width-auto elementor-widget elementor-widget-heading\" data-id=\"8e70253\" data-element_type=\"widget\" data-e-type=\"widget\" data-widget_type=\"heading.default\">\n\t\t\t\t\t<h2 class=\"elementor-heading-title elementor-size-default\">\u00c9p\u00edt\u0151m\u00e9rn\u00f6k gyakornok <br>\nLakberendez\u0151 <br>\nGrafikus<\/h2>\t\t\t\t<\/div>\n\t\t\t\t\t<\/div>\n\t\t\t\t<\/div>\n\t\t\t\t<div class=\"elementor-element elementor-element-6e86bca elementor-widget elementor-widget-text-editor\" data-id=\"6e86bca\" data-element_type=\"widget\" data-e-type=\"widget\" data-widget_type=\"text-editor.default\">\n\t\t\t\t\t\t\t\t\t<p>M\u0171szaki szeml\u00e9lettel \u00e9s stabil szakmai alapokra \u00e9p\u00edtve k\u00f6zel\u00edtem meg a kreat\u00edv feladatokat.<\/p><p>Lakberendez\u0151k\u00e9nt \u00e9s grafikusk\u00e9nt arra t\u00f6rekszem, hogy minden t\u00e9r \u00e9s vizu\u00e1lis megold\u00e1s egyar\u00e1nt legyen harmonikus, funkcion\u00e1lis \u00e9s egyedi, mik\u00f6zben a megrendel\u0151 ig\u00e9nyeit is maxim\u00e1lisan szem el\u0151tt tartom.<\/p><p><strong>F\u0151 ter\u00fcletek:<\/strong><\/p><ul><li>lakberendez\u00e9si tervek \u00e9s l\u00e1tv\u00e1nytervek<\/li><li>arculattervez\u00e9s, log\u00f3tervez\u00e9s<\/li><li>bels\u0151\u00e9p\u00edt\u00e9szeti koncepci\u00f3k<\/li><li>m\u0171szaki tervrajzok el\u0151k\u00e9sz\u00edt\u00e9se<\/li><\/ul>\t\t\t\t\t\t\t\t<\/div>\n\t\t\t\t\t<\/div>\n\t\t\t\t<\/div>\n\t\t\t\t<\/div>\n\t\t","protected":false},"excerpt":{"rendered":"<p>Kulcs a tervez\u00e9shez. MI VAGYUNK A PUS-KEY BT. A Pus-Key Bet\u00e9ti T\u00e1rsas\u00e1g egy h\u00e1romtag\u00fa csal\u00e1di v\u00e1llalkoz\u00e1s,ahol a m\u00e9rn\u00f6ki szeml\u00e9let, az \u00e9p\u00edt\u00e9s, a tervez\u00e9s \u00e9s a vizu\u00e1lis kreativit\u00e1s tal\u00e1lkozik.C\u00e9g\u00fcnket 2021-ben alap\u00edtottuk azzal a c\u00e9llal, hogy a t\u00f6bb gener\u00e1ci\u00f3n \u00e1t felhalmozott szakmai tud\u00e1st \u00e9s a mindannyiunkra jellemz\u0151 agilis, prec\u00edz munkamor\u00e1lt egyes\u00edtve hozzunk l\u00e9tre \u00e9rt\u00e9k\u00e1ll\u00f3 m\u0171szaki megold\u00e1sokat. Puskely P\u00e1l F\u00d6LDM\u00c9R\u0150 M\u00c9RN\u00d6K \/ GEOD\u00c9TA T\u00f6bb \u00e9vtizedes tapasztalattal v\u00e9gzem a terepi m\u00e9r\u00e9seket \u00e9s geod\u00e9ziai feladatokat. Hiszem, hogy minden j\u00f3 terv alapja a pontos felm\u00e9r\u00e9s, \u00e9s ez az a r\u00e9sz, ahol nem szabad kompromisszumot k\u00f6tni. Munk\u00e1m c\u00e9lja, hogy a tervez\u0151k mindig megb\u00edzhat\u00f3 adatokkal dolgozhassanak, valamint a megrendel\u0151k megfelel\u0151 inform\u00e1ci\u00f3kkal rendelkezzenek. F\u0151 ter\u00fcletek: telekalak\u00edt\u00e1sok, m\u0171vel\u00e9si \u00e1g-, \u00e9p\u00fcletv\u00e1ltoz\u00e1sok kit\u0171z\u00e9se, bem\u00e9r\u00e9se, t\u00e9rk\u00e9pez\u00e9se v\u00e1ltoz\u00e1si v\u00e1zrajzok k\u00e9sz\u00edt\u00e9se telekhat\u00e1r kit\u0171z\u00e9s, egy\u00e9b geod\u00e9ziai munk\u00e1k Puskely Gerg\u0151 P\u00e1l Okleveles \u00e9p\u00edt\u0151m\u00e9rn\u00f6k Statikus tervez\u0151 \u00c9p\u00fcletenergetikai szakm\u00e9rn\u00f6k BIM modellez\u0151 Sz\u00e1momra a stabilit\u00e1s \u00e9s a legmodernebb technol\u00f3gi\u00e1k alkalmaz\u00e1sa a legfontosabb. A M\u0171egyetem BIM specializ\u00e1ci\u00f3j\u00e1n v\u00e9gzett \u00e9p\u00edt\u0151m\u00e9rn\u00f6kk\u00e9nt a legmodernebb digit\u00e1lis k\u00f6rnyezetben dolgozom.Statikus tervez\u0151k\u00e9nt sz\u00e9les szakmai\u00a0 tapasztalattal rendelkezem ipari-, lak\u00f3- \u00e9s speci\u00e1lis szerkezetek tervez\u00e9s\u00e9ben. F\u0151 ter\u00fcletek: statikai tart\u00f3szerkezeti tervez\u00e9s BIM modellek k\u00e9sz\u00edt\u00e9se (\u00e9p\u00fclet, szerkezet) 3D felm\u00e9r\u00e9s, tervez\u00e9s \u00e9p\u00fclet energetikai tan\u00e1csad\u00e1s Puskely Vikt\u00f3ria \u00c9p\u00edt\u0151m\u00e9rn\u00f6k gyakornok Lakberendez\u0151 Grafikus M\u0171szaki szeml\u00e9lettel \u00e9s stabil szakmai alapokra \u00e9p\u00edtve k\u00f6zel\u00edtem meg a kreat\u00edv feladatokat. Lakberendez\u0151k\u00e9nt \u00e9s grafikusk\u00e9nt arra t\u00f6rekszem, hogy minden t\u00e9r \u00e9s vizu\u00e1lis megold\u00e1s egyar\u00e1nt legyen harmonikus, funkcion\u00e1lis \u00e9s egyedi, mik\u00f6zben a megrendel\u0151 ig\u00e9nyeit is maxim\u00e1lisan szem el\u0151tt tartom. F\u0151 ter\u00fcletek: lakberendez\u00e9si tervek \u00e9s l\u00e1tv\u00e1nytervek arculattervez\u00e9s, log\u00f3tervez\u00e9s bels\u0151\u00e9p\u00edt\u00e9szeti koncepci\u00f3k m\u0171szaki tervrajzok el\u0151k\u00e9sz\u00edt\u00e9se<\/p>\n","protected":false},"author":1,"featured_media":9,"parent":0,"menu_order":0,"comment_status":"closed","ping_status":"closed","template":"elementor_header_footer","meta":{"site-sidebar-layout":"no-sidebar","site-content-layout":"plain-container","ast-site-content-layout":"full-width-container","site-content-style":"default","site-sidebar-style":"default","ast-global-header-display":"","ast-banner-title-visibility":"","ast-main-header-display":"","ast-hfb-above-header-display":"","ast-hfb-below-header-display":"","ast-hfb-mobile-header-display":"","site-post-title":"","ast-breadcrumbs-content":"","ast-featured-img":"disabled","footer-sml-layout":"","ast-disable-related-posts":"","theme-transparent-header-meta":"enabled","adv-header-id-meta":"","stick-header-meta":"","header-above-stick-meta":"","header-main-stick-meta":"","header-below-stick-meta":"","astra-migrate-meta-layouts":"default","ast-page-background-enabled":"default","ast-page-background-meta":{"desktop":{"background-color":"var(--ast-global-color-5)","background-image":"","background-repeat":"repeat","background-position":"center center","background-size":"auto","background-attachment":"scroll","background-type":"","background-media":"","overlay-type":"","overlay-color":"","overlay-opacity":"","overlay-gradient":""},"tablet":{"background-color":"","background-image":"","background-repeat":"repeat","background-position":"center center","background-size":"auto","background-attachment":"scroll","background-type":"","background-media":"","overlay-type":"","overlay-color":"","overlay-opacity":"","overlay-gradient":""},"mobile":{"background-color":"","background-image":"","background-repeat":"repeat","background-position":"center center","background-size":"auto","background-attachment":"scroll","background-type":"","background-media":"","overlay-type":"","overlay-color":"","overlay-opacity":"","overlay-gradient":""}},"ast-content-background-meta":{"desktop":{"background-color":"var(--ast-global-color-4)","background-image":"","background-repeat":"repeat","background-position":"center center","background-size":"auto","background-attachment":"scroll","background-type":"","background-media":"","overlay-type":"","overlay-color":"","overlay-opacity":"","overlay-gradient":""},"tablet":{"background-color":"var(--ast-global-color-4)","background-image":"","background-repeat":"repeat","background-position":"center center","background-size":"auto","background-attachment":"scroll","background-type":"","background-media":"","overlay-type":"","overlay-color":"","overlay-opacity":"","overlay-gradient":""},"mobile":{"background-color":"var(--ast-global-color-4)","background-image":"","background-repeat":"repeat","background-position":"center center","background-size":"auto","background-attachment":"scroll","background-type":"","background-media":"","overlay-type":"","overlay-color":"","overlay-opacity":"","overlay-gradient":""}},"footnotes":""},"class_list":["post-21","page","type-page","status-publish","has-post-thumbnail","hentry"],"_links":{"self":[{"href":"https:\/\/puskey.hu\/index.php\/wp-json\/wp\/v2\/pages\/21","targetHints":{"allow":["GET"]}}],"collection":[{"href":"https:\/\/puskey.hu\/index.php\/wp-json\/wp\/v2\/pages"}],"about":[{"href":"https:\/\/puskey.hu\/index.php\/wp-json\/wp\/v2\/types\/page"}],"author":[{"embeddable":true,"href":"https:\/\/puskey.hu\/index.php\/wp-json\/wp\/v2\/users\/1"}],"replies":[{"embeddable":true,"href":"https:\/\/puskey.hu\/index.php\/wp-json\/wp\/v2\/comments?post=21"}],"version-history":[{"count":326,"href":"https:\/\/puskey.hu\/index.php\/wp-json\/wp\/v2\/pages\/21\/revisions"}],"predecessor-version":[{"id":993,"href":"https:\/\/puskey.hu\/index.php\/wp-json\/wp\/v2\/pages\/21\/revisions\/993"}],"wp:featuredmedia":[{"embeddable":true,"href":"https:\/\/puskey.hu\/index.php\/wp-json\/wp\/v2\/media\/9"}],"wp:attachment":[{"href":"https:\/\/puskey.hu\/index.php\/wp-json\/wp\/v2\/media?parent=21"}],"curies":[{"name":"wp","href":"https:\/\/api.w.org\/{rel}","templated":true}]}}